{"id":1727,"date":"2023-04-03T08:22:22","date_gmt":"2023-04-03T08:22:22","guid":{"rendered":"https:\/\/www.camping-lentredeux.fr\/comfort-mobile-home\/"},"modified":"2025-01-30T16:36:16","modified_gmt":"2025-01-30T16:36:16","slug":"comfort-mobile-home","status":"publish","type":"page","link":"https:\/\/www.camping-lentredeux.fr\/en\/comfort-mobile-home\/","title":{"rendered":"Comfort mobile home"},"content":{"rendered":"\t\t<div data-elementor-type=\"wp-page\" data-elementor-id=\"1727\" class=\"elementor elementor-1727 elementor-434\">\n\t\t\t\t\t\t<section class=\"elementor-section elementor-top-section elementor-element elementor-element-7c55c13 elementor-section-full_width elementor-section-height-default elementor-section-height-default\" data-id=\"7c55c13\" data-element_type=\"section\" data-settings=\"{&quot;background_background&quot;:&quot;classic&quot;}\">\n\t\t\t\t\t\t\t<div class=\"elementor-background-overlay\"><\/div>\n\t\t\t\t\t\t\t<div class=\"elementor-container elementor-column-gap-default\">\n\t\t\t\t\t<div class=\"elementor-column elementor-col-100 elementor-top-column elementor-element elementor-element-9b98fb1\" data-id=\"9b98fb1\" data-element_type=\"column\">\n\t\t\t<div class=\"elementor-widget-wrap elementor-element-populated\">\n\t\t\t\t\t\t<div class=\"elementor-element elementor-element-babc851 elementor-widget elementor-widget-heading\" data-id=\"babc851\" data-element_type=\"widget\" data-widget_type=\"heading.default\">\n\t\t\t\t\t<h2 class=\"elementor-heading-title elementor-size-default\">Comfort mobile home<\/h2>\t\t\t\t<\/div>\n\t\t\t\t\t<\/div>\n\t\t<\/div>\n\t\t\t\t\t<\/div>\n\t\t<\/section>\n\t\t\t\t<section class=\"elementor-section elementor-top-section elementor-element elementor-element-7cf1aeb elementor-section-boxed elementor-section-height-default elementor-section-height-default\" data-id=\"7cf1aeb\" data-element_type=\"section\">\n\t\t\t\t\t\t<div class=\"elementor-container elementor-column-gap-default\">\n\t\t\t\t\t<div class=\"elementor-column elementor-col-100 elementor-top-column elementor-element elementor-element-5b38f7a\" data-id=\"5b38f7a\" data-element_type=\"column\">\n\t\t\t<div class=\"elementor-widget-wrap elementor-element-populated\">\n\t\t\t\t\t\t<div class=\"elementor-element elementor-element-63d959b elementor-widget elementor-widget-heading\" data-id=\"63d959b\" data-element_type=\"widget\" data-widget_type=\"heading.default\">\n\t\t\t\t\t<h1 class=\"elementor-heading-title elementor-size-default\"><br>Comfort mobile home rental near the Loire castles<\/h1>\t\t\t\t<\/div>\n\t\t\t\t<div class=\"elementor-element elementor-element-395e9e4 elementor-widget elementor-widget-heading\" data-id=\"395e9e4\" data-element_type=\"widget\" data-widget_type=\"heading.default\">\n\t\t\t\t\t<h2 class=\"elementor-heading-title elementor-size-default\">2-bedroom \"Comfort\" mobile home for 2 to 4 people<\/h2>\t\t\t\t<\/div>\n\t\t\t\t<div class=\"elementor-element elementor-element-d29f4e4 elementor-widget elementor-widget-text-editor\" data-id=\"d29f4e4\" data-element_type=\"widget\" data-widget_type=\"text-editor.default\">\n\t\t\t\t\t\t\t\t\t<p>4 people &#8211; 24 m\u00b2 &#8211; 2 bedrooms &#8211; Bathroom with shower &#8211; Separate WC<br>Compact and well-appointed, this mobile home can accommodate up to 4 people.<br><span style=\"font-size: 16px;\">Semi-covered terrace<\/span><\/p>\n<p><span style=\"text-decoration: underline;\">Detailed description:<\/span><br>&#8211; 2 bedrooms: 1 bedroom with double bed (140 x 190), 1 bedroom with 2 single beds (70 x 190).<br><span style=\"font-size: 16px;\">&#8211; Kitchen equipped with microwave, fridge, coffee maker, gas hob.<br>&#8211; Bathroom with shower and washbasin<br>&#8211; Separate WC<br><\/span><span style=\"font-size: 16px;\">&#8211; Crockery, pillows and blankets provided<br><\/span><span style=\"font-size: 16px;\">&#8211; Heating system<br><\/span><span style=\"font-size: 16px;\">&#8211; Possibility of installing a baby bed by removing a single bed<br><\/span><span style=\"font-size: 16px;\">&#8211; Space for one vehicle only on pitch<br><\/span><span style=\"font-size: 16px;\">&#8211; Bed linen and towels not provided<br><\/span><span style=\"font-size: 16px;\">&#8211; No television<\/span><span style=\"font-size: 16px;\"><br><\/span><\/p>\t\t\t\t\t\t\t\t<\/div>\n\t\t\t\t<div class=\"elementor-element elementor-element-ad4ec17 elementor-button-info elementor-align-left elementor-widget elementor-widget-button\" data-id=\"ad4ec17\" data-element_type=\"widget\" data-widget_type=\"button.default\">\n\t\t\t\t\t\t\t\t\t\t<a class=\"elementor-button elementor-button-link elementor-size-sm\" href=\"http:\/\/www.camping-lentredeux.fr\/wp-content\/uploads\/2025\/01\/inventaire-mobil-home-confort-2-chambres-4-personnes.pdf\" target=\"_blank\">\n\t\t\t\t\t\t<span class=\"elementor-button-content-wrapper\">\n\t\t\t\t\t\t\t\t\t<span class=\"elementor-button-text\">detailed inventory<\/span>\n\t\t\t\t\t<\/span>\n\t\t\t\t\t<\/a>\n\t\t\t\t\t\t\t\t<\/div>\n\t\t\t\t<div class=\"elementor-element elementor-element-90b69b5 elementor-arrows-position-inside elementor-pagination-position-outside elementor-widget elementor-widget-image-carousel\" data-id=\"90b69b5\" data-element_type=\"widget\" data-settings=\"{&quot;slides_to_show&quot;:&quot;1&quot;,&quot;navigation&quot;:&quot;both&quot;,&quot;autoplay&quot;:&quot;yes&quot;,&quot;pause_on_hover&quot;:&quot;yes&quot;,&quot;pause_on_interaction&quot;:&quot;yes&quot;,&quot;autoplay_speed&quot;:5000,&quot;infinite&quot;:&quot;yes&quot;,&quot;effect&quot;:&quot;slide&quot;,&quot;speed&quot;:500}\" data-widget_type=\"image-carousel.default\">\n\t\t\t\t\t\t\t<div class=\"elementor-image-carousel-wrapper swiper\" role=\"region\" aria-roledescription=\"carousel\" aria-label=\"Image Carousel\" dir=\"ltr\">\n\t\t\t<div class=\"elementor-image-carousel swiper-wrapper\" aria-live=\"off\">\n\t\t\t\t\t\t\t\t<div class=\"swiper-slide\" role=\"group\" aria-roledescription=\"slide\" aria-label=\"1 of 9\"><figure class=\"swiper-slide-inner\"><img decoding=\"async\" class=\"swiper-slide-image\" src=\"https:\/\/www.camping-lentredeux.fr\/wp-content\/uploads\/2024\/12\/MOBILE-HOME-PREMIUM-Camping-Entre-deux-zoo-de-beauval-768x1024.jpg\" alt=\"ext\u00e9rieur du mobil home confort et de son emplacement\" \/><\/figure><\/div><div class=\"swiper-slide\" role=\"group\" aria-roledescription=\"slide\" aria-label=\"2 of 9\"><figure class=\"swiper-slide-inner\"><img decoding=\"async\" class=\"swiper-slide-image\" src=\"https:\/\/www.camping-lentredeux.fr\/wp-content\/uploads\/2024\/12\/Mh-confort-2-4-places-768x1024.jpg\" alt=\"ext\u00e9rieur d&#039;un mobile-home confort vue de la terrasse\" \/><\/figure><\/div><div class=\"swiper-slide\" role=\"group\" aria-roledescription=\"slide\" aria-label=\"3 of 9\"><figure class=\"swiper-slide-inner\"><img decoding=\"async\" class=\"swiper-slide-image\" src=\"https:\/\/www.camping-lentredeux.fr\/wp-content\/uploads\/2024\/12\/Terrasse-du-MOBIL-HOME-CONFORT-2-chambres-4-personnes-768x1024.jpg\" alt=\"Mobil-home confort proche zoo beauval au camping l&#039;entre-deux\" \/><\/figure><\/div><div class=\"swiper-slide\" role=\"group\" aria-roledescription=\"slide\" aria-label=\"4 of 9\"><figure class=\"swiper-slide-inner\"><img decoding=\"async\" class=\"swiper-slide-image\" src=\"https:\/\/www.camping-lentredeux.fr\/wp-content\/uploads\/2024\/12\/MH-Confort-cuisine-equipee-768x1024.jpg\" alt=\"cuisine \u00e9quip\u00e9e du mobil-home confort au camping l&#039;entre deux\" \/><\/figure><\/div><div class=\"swiper-slide\" role=\"group\" aria-roledescription=\"slide\" aria-label=\"5 of 9\"><figure class=\"swiper-slide-inner\"><img decoding=\"async\" class=\"swiper-slide-image\" src=\"https:\/\/www.camping-lentredeux.fr\/wp-content\/uploads\/2024\/12\/SALLE-DE-DOUCHE-MOBIL-HOME-CONFORT-768x1024.jpg\" alt=\"salle de douche dans un mobil home confort\" \/><\/figure><\/div><div class=\"swiper-slide\" role=\"group\" aria-roledescription=\"slide\" aria-label=\"6 of 9\"><figure class=\"swiper-slide-inner\"><img decoding=\"async\" class=\"swiper-slide-image\" src=\"https:\/\/www.camping-lentredeux.fr\/wp-content\/uploads\/2024\/12\/SALLE-A-MANGER-MH-CONFORT-768x1024.jpg\" alt=\"salle de s\u00e9jour MH confort possibilit\u00e9 de d\u00e9jeuner \u00e0 4 personnes\" \/><\/figure><\/div><div class=\"swiper-slide\" role=\"group\" aria-roledescription=\"slide\" aria-label=\"7 of 9\"><figure class=\"swiper-slide-inner\"><img decoding=\"async\" class=\"swiper-slide-image\" src=\"https:\/\/www.camping-lentredeux.fr\/wp-content\/uploads\/2024\/12\/MH-CONFORT-Chambre-double-768x1024.jpg\" alt=\"chambre double avec lit 140 X 190 au camping l&#039;entre deux\" \/><\/figure><\/div><div class=\"swiper-slide\" role=\"group\" aria-roledescription=\"slide\" aria-label=\"8 of 9\"><figure class=\"swiper-slide-inner\"><img decoding=\"async\" class=\"swiper-slide-image\" src=\"https:\/\/www.camping-lentredeux.fr\/wp-content\/uploads\/2023\/04\/chambre-enfant-mh-premium-4-places-768x1024.jpg\" alt=\"Chambre accueillante avec deux lits simples dans notre mobil-home, parfaite pour les enfants ou les amis, offrant un espace confortable pour des nuits paisibles lors de votre s\u00e9jour pr\u00e8s du Zooparc de Beauval\" \/><\/figure><\/div><div class=\"swiper-slide\" role=\"group\" aria-roledescription=\"slide\" aria-label=\"9 of 9\"><figure class=\"swiper-slide-inner\"><img decoding=\"async\" class=\"swiper-slide-image\" src=\"https:\/\/www.camping-lentredeux.fr\/wp-content\/uploads\/2024\/12\/mobile-home-premium-lentre-deux-768x1024.jpg\" alt=\"Vue ext\u00e9rieure du mobile-home confort\" \/><\/figure><\/div>\t\t\t<\/div>\n\t\t\t\t\t\t\t\t\t\t\t\t<div class=\"elementor-swiper-button elementor-swiper-button-prev\" role=\"button\" tabindex=\"0\">\n\t\t\t\t\t\t<svg aria-hidden=\"true\" class=\"e-font-icon-svg e-eicon-chevron-left\" viewBox=\"0 0 1000 1000\" xmlns=\"http:\/\/www.w3.org\/2000\/svg\"><path d=\"M646 125C629 125 613 133 604 142L308 442C296 454 292 471 292 487 292 504 296 521 308 533L604 854C617 867 629 875 646 875 663 875 679 871 692 858 704 846 713 829 713 812 713 796 708 779 692 767L438 487 692 225C700 217 708 204 708 187 708 171 704 154 692 142 675 129 663 125 646 125Z\"><\/path><\/svg>\t\t\t\t\t<\/div>\n\t\t\t\t\t<div class=\"elementor-swiper-button elementor-swiper-button-next\" role=\"button\" tabindex=\"0\">\n\t\t\t\t\t\t<svg aria-hidden=\"true\" class=\"e-font-icon-svg e-eicon-chevron-right\" viewBox=\"0 0 1000 1000\" xmlns=\"http:\/\/www.w3.org\/2000\/svg\"><path d=\"M696 533C708 521 713 504 713 487 713 471 708 454 696 446L400 146C388 133 375 125 354 125 338 125 325 129 313 142 300 154 292 171 292 187 292 204 296 221 308 233L563 492 304 771C292 783 288 800 288 817 288 833 296 850 308 863 321 871 338 875 354 875 371 875 388 867 400 854L696 533Z\"><\/path><\/svg>\t\t\t\t\t<\/div>\n\t\t\t\t\n\t\t\t\t\t\t\t\t\t<div class=\"swiper-pagination\"><\/div>\n\t\t\t\t\t\t\t\t\t<\/div>\n\t\t\t\t\t\t<\/div>\n\t\t\t\t<div class=\"elementor-element elementor-element-50fb402 elementor-button-info elementor-align-left elementor-widget elementor-widget-button\" data-id=\"50fb402\" data-element_type=\"widget\" data-widget_type=\"button.default\">\n\t\t\t\t\t\t\t\t\t\t<a class=\"elementor-button elementor-button-link elementor-size-sm\" href=\"http:\/\/www.camping-lentredeux.fr\/wp-content\/uploads\/2024\/05\/inventaire-mobil-home-premium-6-personnes.pdf\" target=\"_blank\">\n\t\t\t\t\t\t<span class=\"elementor-button-content-wrapper\">\n\t\t\t\t\t\t\t\t\t<span class=\"elementor-button-text\">detailed inventory<\/span>\n\t\t\t\t\t<\/span>\n\t\t\t\t\t<\/a>\n\t\t\t\t\t\t\t\t<\/div>\n\t\t\t\t<div class=\"elementor-element elementor-element-ff73601 elementor-widget elementor-widget-text-editor\" data-id=\"ff73601\" data-element_type=\"widget\" data-widget_type=\"text-editor.default\">\n\t\t\t\t\t\t\t\t\t<p><strong>Some practical information:<\/strong><br \/>&#8211; Arrival between 4pm and 7pm<br \/>&#8211; Departure between 8am and 10am&nbsp;<br \/>&#8211; 30% deposit on booking<br \/>&#8211; Balance 1 month before arrival<br \/>&#8211; Deposit \u20ac350<\/p>\n\t\t\t\t\t\t\t\t<\/div>\n\t\t\t\t\t<\/div>\n\t\t<\/div>\n\t\t\t\t\t<\/div>\n\t\t<\/section>\n\t\t\t\t<section class=\"elementor-section elementor-top-section elementor-element elementor-element-6dc8489 elementor-section-boxed elementor-section-height-default elementor-section-height-default\" data-id=\"6dc8489\" data-element_type=\"section\">\n\t\t\t\t\t\t<div class=\"elementor-container elementor-column-gap-default\">\n\t\t\t\t\t<div class=\"elementor-column elementor-col-100 elementor-top-column elementor-element elementor-element-bc50cc8\" data-id=\"bc50cc8\" data-element_type=\"column\">\n\t\t\t<div class=\"elementor-widget-wrap elementor-element-populated\">\n\t\t\t\t\t\t<div class=\"elementor-element elementor-element-891624c elementor-widget elementor-widget-html\" data-id=\"891624c\" data-element_type=\"widget\" data-widget_type=\"html.default\">\n\t\t\t\t\t<ctv-search data-float=\"true\" data-modal-position=\"bottom\"><\/ctv-search>\t\t\t\t<\/div>\n\t\t\t\t\t<\/div>\n\t\t<\/div>\n\t\t\t\t\t<\/div>\n\t\t<\/section>\n\t\t\t\t<\/div>\n\t\t","protected":false},"excerpt":{"rendered":"<p>Comfort mobile home Comfort mobile home rental near the Loire castles 2-bedroom &#8220;Comfort&#8221; mobile home for 2 to 4 people 4 people &#8211; 24 m\u00b2 &#8211; 2 bedrooms &#8211; Bathroom with shower &#8211; Separate WCCompact and well-appointed, this mobile home can accommodate up to 4 people.Semi-covered terrace Detailed description:&#8211; 2 bedrooms: 1 bedroom with double [&hellip;]<\/p>\n","protected":false},"author":1,"featured_media":0,"parent":0,"menu_order":0,"comment_status":"closed","ping_status":"closed","template":"elementor_header_footer","meta":{"ocean_post_layout":"","ocean_both_sidebars_style":"","ocean_both_sidebars_content_width":0,"ocean_both_sidebars_sidebars_width":0,"ocean_sidebar":"0","ocean_second_sidebar":"0","ocean_disable_margins":"enable","ocean_add_body_class":"","ocean_shortcode_before_top_bar":"","ocean_shortcode_after_top_bar":"","ocean_shortcode_before_header":"","ocean_shortcode_after_header":"","ocean_has_shortcode":"","ocean_shortcode_after_title":"","ocean_shortcode_before_footer_widgets":"","ocean_shortcode_after_footer_widgets":"","ocean_shortcode_before_footer_bottom":"","ocean_shortcode_after_footer_bottom":"","ocean_display_top_bar":"off","ocean_display_header":"default","ocean_header_style":"","ocean_center_header_left_menu":"0","ocean_custom_header_template":"0","ocean_custom_logo":0,"ocean_custom_retina_logo":0,"ocean_custom_logo_max_width":0,"ocean_custom_logo_tablet_max_width":0,"ocean_custom_logo_mobile_max_width":0,"ocean_custom_logo_max_height":0,"ocean_custom_logo_tablet_max_height":0,"ocean_custom_logo_mobile_max_height":0,"ocean_header_custom_menu":"0","ocean_menu_typo_font_family":"0","ocean_menu_typo_font_subset":"","ocean_menu_typo_font_size":0,"ocean_menu_typo_font_size_tablet":0,"ocean_menu_typo_font_size_mobile":0,"ocean_menu_typo_font_size_unit":"px","ocean_menu_typo_font_weight":"","ocean_menu_typo_font_weight_tablet":"","ocean_menu_typo_font_weight_mobile":"","ocean_menu_typo_transform":"","ocean_menu_typo_transform_tablet":"","ocean_menu_typo_transform_mobile":"","ocean_menu_typo_line_height":0,"ocean_menu_typo_line_height_tablet":0,"ocean_menu_typo_line_height_mobile":0,"ocean_menu_typo_line_height_unit":"","ocean_menu_typo_spacing":0,"ocean_menu_typo_spacing_tablet":0,"ocean_menu_typo_spacing_mobile":0,"ocean_menu_typo_spacing_unit":"","ocean_menu_link_color":"","ocean_menu_link_color_hover":"","ocean_menu_link_color_active":"","ocean_menu_link_background":"","ocean_menu_link_hover_background":"","ocean_menu_link_active_background":"","ocean_menu_social_links_bg":"","ocean_menu_social_hover_links_bg":"","ocean_menu_social_links_color":"","ocean_menu_social_hover_links_color":"","ocean_disable_title":"on","ocean_disable_heading":"default","ocean_post_title":"","ocean_post_subheading":"","ocean_post_title_style":"","ocean_post_title_background_color":"","ocean_post_title_background":0,"ocean_post_title_bg_image_position":"","ocean_post_title_bg_image_attachment":"","ocean_post_title_bg_image_repeat":"","ocean_post_title_bg_image_size":"","ocean_post_title_height":0,"ocean_post_title_bg_overlay":0.5,"ocean_post_title_bg_overlay_color":"","ocean_disable_breadcrumbs":"off","ocean_breadcrumbs_color":"","ocean_breadcrumbs_separator_color":"","ocean_breadcrumbs_links_color":"","ocean_breadcrumbs_links_hover_color":"","ocean_display_footer_widgets":"default","ocean_display_footer_bottom":"default","ocean_custom_footer_template":"0","_themeisle_gutenberg_block_has_review":false,"footnotes":""},"class_list":["post-1727","page","type-page","status-publish","hentry","entry"],"yoast_head":"<!-- This site is optimized with the Yoast SEO plugin v25.9 - https:\/\/yoast.com\/wordpress\/plugins\/seo\/ -->\n<title>Comfort mobile home rental near Beauval zoo<\/title>\n<meta name=\"description\" content=\"The L&#039;Entre-Deux campsite in the Loire Valley offers Comfort mobile homes for rent near the Beauval Zoo.\" \/>\n<meta name=\"robots\" content=\"index, follow, max-snippet:-1, max-image-preview:large, max-video-preview:-1\" \/>\n<link rel=\"canonical\" href=\"https:\/\/www.camping-lentredeux.fr\/en\/comfort-mobile-home\/\" \/>\n<meta property=\"og:locale\" content=\"en_US\" \/>\n<meta property=\"og:type\" content=\"article\" \/>\n<meta property=\"og:title\" content=\"Comfort mobile home rental near Beauval zoo\" \/>\n<meta property=\"og:description\" content=\"The L&#039;Entre-Deux campsite in the Loire Valley offers Comfort mobile homes for rent near the Beauval Zoo.\" \/>\n<meta property=\"og:url\" content=\"https:\/\/www.camping-lentredeux.fr\/en\/comfort-mobile-home\/\" \/>\n<meta property=\"og:site_name\" content=\"Camping l&#039;entre deux\" \/>\n<meta property=\"article:modified_time\" content=\"2025-01-30T16:36:16+00:00\" \/>\n<meta property=\"og:image\" content=\"https:\/\/www.camping-lentredeux.fr\/wp-content\/uploads\/2024\/12\/MOBILE-HOME-PREMIUM-Camping-Entre-deux-zoo-de-beauval-768x1024.jpg\" \/>\n<meta name=\"twitter:card\" content=\"summary_large_image\" \/>\n<meta name=\"twitter:label1\" content=\"Est. reading time\" \/>\n\t<meta name=\"twitter:data1\" content=\"1 minute\" \/>\n<script type=\"application\/ld+json\" class=\"yoast-schema-graph\">{\"@context\":\"https:\/\/schema.org\",\"@graph\":[{\"@type\":\"WebPage\",\"@id\":\"https:\/\/www.camping-lentredeux.fr\/en\/comfort-mobile-home\/\",\"url\":\"https:\/\/www.camping-lentredeux.fr\/en\/comfort-mobile-home\/\",\"name\":\"Comfort mobile home rental near Beauval zoo\",\"isPartOf\":{\"@id\":\"https:\/\/www.camping-lentredeux.fr\/en\/#website\"},\"primaryImageOfPage\":{\"@id\":\"https:\/\/www.camping-lentredeux.fr\/en\/comfort-mobile-home\/#primaryimage\"},\"image\":{\"@id\":\"https:\/\/www.camping-lentredeux.fr\/en\/comfort-mobile-home\/#primaryimage\"},\"thumbnailUrl\":\"https:\/\/www.camping-lentredeux.fr\/wp-content\/uploads\/2024\/12\/MOBILE-HOME-PREMIUM-Camping-Entre-deux-zoo-de-beauval-768x1024.jpg\",\"datePublished\":\"2023-04-03T08:22:22+00:00\",\"dateModified\":\"2025-01-30T16:36:16+00:00\",\"description\":\"The L'Entre-Deux campsite in the Loire Valley offers Comfort mobile homes for rent near the Beauval Zoo.\",\"inLanguage\":\"en-US\",\"potentialAction\":[{\"@type\":\"ReadAction\",\"target\":[\"https:\/\/www.camping-lentredeux.fr\/en\/comfort-mobile-home\/\"]}]},{\"@type\":\"ImageObject\",\"inLanguage\":\"en-US\",\"@id\":\"https:\/\/www.camping-lentredeux.fr\/en\/comfort-mobile-home\/#primaryimage\",\"url\":\"https:\/\/www.camping-lentredeux.fr\/wp-content\/uploads\/2024\/12\/MOBILE-HOME-PREMIUM-Camping-Entre-deux-zoo-de-beauval-768x1024.jpg\",\"contentUrl\":\"https:\/\/www.camping-lentredeux.fr\/wp-content\/uploads\/2024\/12\/MOBILE-HOME-PREMIUM-Camping-Entre-deux-zoo-de-beauval-768x1024.jpg\"},{\"@type\":\"WebSite\",\"@id\":\"https:\/\/www.camping-lentredeux.fr\/en\/#website\",\"url\":\"https:\/\/www.camping-lentredeux.fr\/en\/\",\"name\":\"Camping l&#039;entre deux\",\"description\":\"\",\"publisher\":{\"@id\":\"https:\/\/www.camping-lentredeux.fr\/en\/#organization\"},\"potentialAction\":[{\"@type\":\"SearchAction\",\"target\":{\"@type\":\"EntryPoint\",\"urlTemplate\":\"https:\/\/www.camping-lentredeux.fr\/en\/?s={search_term_string}\"},\"query-input\":{\"@type\":\"PropertyValueSpecification\",\"valueRequired\":true,\"valueName\":\"search_term_string\"}}],\"inLanguage\":\"en-US\"},{\"@type\":\"Organization\",\"@id\":\"https:\/\/www.camping-lentredeux.fr\/en\/#organization\",\"name\":\"Camping l&#039;entre deux\",\"url\":\"https:\/\/www.camping-lentredeux.fr\/en\/\",\"logo\":{\"@type\":\"ImageObject\",\"inLanguage\":\"en-US\",\"@id\":\"https:\/\/www.camping-lentredeux.fr\/en\/#\/schema\/logo\/image\/\",\"url\":\"https:\/\/www.camping-lentredeux.fr\/wp-content\/uploads\/2023\/03\/logo-png.png\",\"contentUrl\":\"https:\/\/www.camping-lentredeux.fr\/wp-content\/uploads\/2023\/03\/logo-png.png\",\"width\":500,\"height\":161,\"caption\":\"Camping l&#039;entre deux\"},\"image\":{\"@id\":\"https:\/\/www.camping-lentredeux.fr\/en\/#\/schema\/logo\/image\/\"}}]}<\/script>\n<!-- \/ Yoast SEO plugin. -->","yoast_head_json":{"title":"Comfort mobile home rental near Beauval zoo","description":"The L'Entre-Deux campsite in the Loire Valley offers Comfort mobile homes for rent near the Beauval Zoo.","robots":{"index":"index","follow":"follow","max-snippet":"max-snippet:-1","max-image-preview":"max-image-preview:large","max-video-preview":"max-video-preview:-1"},"canonical":"https:\/\/www.camping-lentredeux.fr\/en\/comfort-mobile-home\/","og_locale":"en_US","og_type":"article","og_title":"Comfort mobile home rental near Beauval zoo","og_description":"The L'Entre-Deux campsite in the Loire Valley offers Comfort mobile homes for rent near the Beauval Zoo.","og_url":"https:\/\/www.camping-lentredeux.fr\/en\/comfort-mobile-home\/","og_site_name":"Camping l&#039;entre deux","article_modified_time":"2025-01-30T16:36:16+00:00","og_image":[{"url":"https:\/\/www.camping-lentredeux.fr\/wp-content\/uploads\/2024\/12\/MOBILE-HOME-PREMIUM-Camping-Entre-deux-zoo-de-beauval-768x1024.jpg","type":"","width":"","height":""}],"twitter_card":"summary_large_image","twitter_misc":{"Est. reading time":"1 minute"},"schema":{"@context":"https:\/\/schema.org","@graph":[{"@type":"WebPage","@id":"https:\/\/www.camping-lentredeux.fr\/en\/comfort-mobile-home\/","url":"https:\/\/www.camping-lentredeux.fr\/en\/comfort-mobile-home\/","name":"Comfort mobile home rental near Beauval zoo","isPartOf":{"@id":"https:\/\/www.camping-lentredeux.fr\/en\/#website"},"primaryImageOfPage":{"@id":"https:\/\/www.camping-lentredeux.fr\/en\/comfort-mobile-home\/#primaryimage"},"image":{"@id":"https:\/\/www.camping-lentredeux.fr\/en\/comfort-mobile-home\/#primaryimage"},"thumbnailUrl":"https:\/\/www.camping-lentredeux.fr\/wp-content\/uploads\/2024\/12\/MOBILE-HOME-PREMIUM-Camping-Entre-deux-zoo-de-beauval-768x1024.jpg","datePublished":"2023-04-03T08:22:22+00:00","dateModified":"2025-01-30T16:36:16+00:00","description":"The L'Entre-Deux campsite in the Loire Valley offers Comfort mobile homes for rent near the Beauval Zoo.","inLanguage":"en-US","potentialAction":[{"@type":"ReadAction","target":["https:\/\/www.camping-lentredeux.fr\/en\/comfort-mobile-home\/"]}]},{"@type":"ImageObject","inLanguage":"en-US","@id":"https:\/\/www.camping-lentredeux.fr\/en\/comfort-mobile-home\/#primaryimage","url":"https:\/\/www.camping-lentredeux.fr\/wp-content\/uploads\/2024\/12\/MOBILE-HOME-PREMIUM-Camping-Entre-deux-zoo-de-beauval-768x1024.jpg","contentUrl":"https:\/\/www.camping-lentredeux.fr\/wp-content\/uploads\/2024\/12\/MOBILE-HOME-PREMIUM-Camping-Entre-deux-zoo-de-beauval-768x1024.jpg"},{"@type":"WebSite","@id":"https:\/\/www.camping-lentredeux.fr\/en\/#website","url":"https:\/\/www.camping-lentredeux.fr\/en\/","name":"Camping l&#039;entre deux","description":"","publisher":{"@id":"https:\/\/www.camping-lentredeux.fr\/en\/#organization"},"potentialAction":[{"@type":"SearchAction","target":{"@type":"EntryPoint","urlTemplate":"https:\/\/www.camping-lentredeux.fr\/en\/?s={search_term_string}"},"query-input":{"@type":"PropertyValueSpecification","valueRequired":true,"valueName":"search_term_string"}}],"inLanguage":"en-US"},{"@type":"Organization","@id":"https:\/\/www.camping-lentredeux.fr\/en\/#organization","name":"Camping l&#039;entre deux","url":"https:\/\/www.camping-lentredeux.fr\/en\/","logo":{"@type":"ImageObject","inLanguage":"en-US","@id":"https:\/\/www.camping-lentredeux.fr\/en\/#\/schema\/logo\/image\/","url":"https:\/\/www.camping-lentredeux.fr\/wp-content\/uploads\/2023\/03\/logo-png.png","contentUrl":"https:\/\/www.camping-lentredeux.fr\/wp-content\/uploads\/2023\/03\/logo-png.png","width":500,"height":161,"caption":"Camping l&#039;entre deux"},"image":{"@id":"https:\/\/www.camping-lentredeux.fr\/en\/#\/schema\/logo\/image\/"}}]}},"_links":{"self":[{"href":"https:\/\/www.camping-lentredeux.fr\/en\/wp-json\/wp\/v2\/pages\/1727","targetHints":{"allow":["GET"]}}],"collection":[{"href":"https:\/\/www.camping-lentredeux.fr\/en\/wp-json\/wp\/v2\/pages"}],"about":[{"href":"https:\/\/www.camping-lentredeux.fr\/en\/wp-json\/wp\/v2\/types\/page"}],"author":[{"embeddable":true,"href":"https:\/\/www.camping-lentredeux.fr\/en\/wp-json\/wp\/v2\/users\/1"}],"replies":[{"embeddable":true,"href":"https:\/\/www.camping-lentredeux.fr\/en\/wp-json\/wp\/v2\/comments?post=1727"}],"version-history":[{"count":4,"href":"https:\/\/www.camping-lentredeux.fr\/en\/wp-json\/wp\/v2\/pages\/1727\/revisions"}],"predecessor-version":[{"id":1758,"href":"https:\/\/www.camping-lentredeux.fr\/en\/wp-json\/wp\/v2\/pages\/1727\/revisions\/1758"}],"wp:attachment":[{"href":"https:\/\/www.camping-lentredeux.fr\/en\/wp-json\/wp\/v2\/media?parent=1727"}],"curies":[{"name":"wp","href":"https:\/\/api.w.org\/{rel}","templated":true}]}}